{"id":386,"date":"2025-08-10T13:00:18","date_gmt":"2025-08-10T13:00:18","guid":{"rendered":"https:\/\/djlahti.fi\/?page_id=386"},"modified":"2025-08-10T13:31:01","modified_gmt":"2025-08-10T13:31:01","slug":"artikkelit","status":"publish","type":"page","link":"https:\/\/djlahti.fi\/index.php\/artikkelit\/","title":{"rendered":"Artikkelit"},"content":{"rendered":"\t\t<div data-elementor-type=\"wp-page\" data-elementor-id=\"386\" class=\"elementor elementor-386\" data-elementor-post-type=\"page\">\n\t\t\t\t<div class=\"elementor-element elementor-element-6288158 e-flex e-con-boxed e-con e-parent\" data-id=\"6288158\" data-element_type=\"container\" data-e-type=\"container\" data-settings=\"{&quot;background_background&quot;:&quot;classic&quot;}\">\n\t\t\t\t\t<div class=\"e-con-inner\">\n\t\t\t\t<div class=\"elementor-element elementor-element-4668751 elementor-widget elementor-widget-heading\" data-id=\"4668751\" data-element_type=\"widget\" data-e-type=\"widget\" data-widget_type=\"heading.default\">\n\t\t\t\t<div class=\"elementor-widget-container\">\n\t\t\t\t\t<h2 class=\"elementor-heading-title elementor-size-default\">Artikkelit<\/h2>\t\t\t\t<\/div>\n\t\t\t\t<\/div>\n\t\t\t\t<div class=\"elementor-element elementor-element-d75135e elementor-widget elementor-widget-text-editor\" data-id=\"d75135e\" data-element_type=\"widget\" data-e-type=\"widget\" data-widget_type=\"text-editor.default\">\n\t\t\t\t<div class=\"elementor-widget-container\">\n\t\t\t\t\t\t\t\t\t<p>T\u00e4\u00e4lt\u00e4 l\u00f6yd\u00e4t kirjoituksia juhlimisesta, juhlien j\u00e4rjest\u00e4misest\u00e4 sek\u00e4 juhlien syd\u00e4mest\u00e4 &#8211; DJ:st\u00e4<\/p>\t\t\t\t\t\t\t\t<\/div>\n\t\t\t\t<\/div>\n\t\t\t\t\t<\/div>\n\t\t\t\t<\/div>\n\t\t<div class=\"elementor-element elementor-element-b6156cd e-flex e-con-boxed e-con e-parent\" data-id=\"b6156cd\" data-element_type=\"container\" data-e-type=\"container\">\n\t\t\t\t\t<div class=\"e-con-inner\">\n\t\t\t\t<div class=\"elementor-element elementor-element-76fc2d9 elementor-grid-3 elementor-grid-tablet-2 elementor-grid-mobile-1 elementor-posts--thumbnail-top elementor-widget elementor-widget-posts\" data-id=\"76fc2d9\" data-element_type=\"widget\" data-e-type=\"widget\" data-settings=\"{&quot;pagination_type&quot;:&quot;load_more_infinite_scroll&quot;,&quot;classic_columns&quot;:&quot;3&quot;,&quot;classic_columns_tablet&quot;:&quot;2&quot;,&quot;classic_columns_mobile&quot;:&quot;1&quot;,&quot;classic_row_gap&quot;:{&quot;unit&quot;:&quot;px&quot;,&quot;size&quot;:35,&quot;sizes&quot;:[]},&quot;classic_row_gap_tablet&quot;:{&quot;unit&quot;:&quot;px&quot;,&quot;size&quot;:&quot;&quot;,&quot;sizes&quot;:[]},&quot;classic_row_gap_mobile&quot;:{&quot;unit&quot;:&quot;px&quot;,&quot;size&quot;:&quot;&quot;,&quot;sizes&quot;:[]},&quot;load_more_spinner&quot;:{&quot;value&quot;:&quot;fas fa-spinner&quot;,&quot;library&quot;:&quot;fa-solid&quot;}}\" data-widget_type=\"posts.classic\">\n\t\t\t\t<div class=\"elementor-widget-container\">\n\t\t\t\t\t\t\t<div class=\"elementor-posts-container elementor-posts elementor-posts--skin-classic elementor-grid\" role=\"list\">\n\t\t\t\t<article class=\"elementor-post elementor-grid-item post-390 post type-post status-publish format-standard has-post-thumbnail hentry category-uncategorized\" role=\"listitem\">\n\t\t\t\t<a class=\"elementor-post__thumbnail__link\" href=\"https:\/\/djlahti.fi\/index.php\/2025\/08\/10\/dj-polttareihin-nosta-tunnelma-kattoon\/\" tabindex=\"-1\" >\n\t\t\t<div class=\"elementor-post__thumbnail\"><img fetchpriority=\"high\" decoding=\"async\" width=\"768\" height=\"513\" src=\"https:\/\/djlahti.fi\/wp-content\/uploads\/2023\/09\/dj-lahti-1-768x513.jpg\" class=\"attachment-medium_large size-medium_large wp-image-16\" alt=\"DJ Lahti tarjoaa Lahden parhaat DJ-palvelut tilaisuuteen kuin tilaisuuteen!\" srcset=\"https:\/\/djlahti.fi\/wp-content\/uploads\/2023\/09\/dj-lahti-1-768x513.jpg 768w, https:\/\/djlahti.fi\/wp-content\/uploads\/2023\/09\/dj-lahti-1-300x200.jpg 300w, https:\/\/djlahti.fi\/wp-content\/uploads\/2023\/09\/dj-lahti-1-1024x683.jpg 1024w, https:\/\/djlahti.fi\/wp-content\/uploads\/2023\/09\/dj-lahti-1-1536x1025.jpg 1536w, https:\/\/djlahti.fi\/wp-content\/uploads\/2023\/09\/dj-lahti-1-2048x1367.jpg 2048w\" sizes=\"(max-width: 768px) 100vw, 768px\" \/><\/div>\n\t\t<\/a>\n\t\t\t\t<div class=\"elementor-post__text\">\n\t\t\t\t<h3 class=\"elementor-post__title\">\n\t\t\t<a href=\"https:\/\/djlahti.fi\/index.php\/2025\/08\/10\/dj-polttareihin-nosta-tunnelma-kattoon\/\" >\n\t\t\t\tDJ polttareihin \u2013 Nosta tunnelma kattoon!\t\t\t<\/a>\n\t\t<\/h3>\n\t\t\t\t<div class=\"elementor-post__meta-data\">\n\t\t\t\t\t<span class=\"elementor-post-author\">\n\t\t\tadmin\t\t<\/span>\n\t\t\t\t<\/div>\n\t\t\t\t<div class=\"elementor-post__excerpt\">\n\t\t\t<p>DJ polttareihin Helsingiss\u00e4 \u2013 bileet juuri sinun tyylill\u00e4si Polttarit ovat yksi el\u00e4m\u00e4n merkitt\u00e4vimmist\u00e4 juhlista, ja musiikin rooli niiden onnistumisessa on<\/p>\n\t\t<\/div>\n\t\t\n\t\t<a class=\"elementor-post__read-more\" href=\"https:\/\/djlahti.fi\/index.php\/2025\/08\/10\/dj-polttareihin-nosta-tunnelma-kattoon\/\" aria-label=\"Read more about DJ polttareihin \u2013 Nosta tunnelma kattoon!\" tabindex=\"-1\" >\n\t\t\tLue lis\u00e4\u00e4\t\t<\/a>\n\n\t\t\t\t<\/div>\n\t\t\t\t<\/article>\n\t\t\t\t<article class=\"elementor-post elementor-grid-item post-388 post type-post status-publish format-standard has-post-thumbnail hentry category-uncategorized\" role=\"listitem\">\n\t\t\t\t<a class=\"elementor-post__thumbnail__link\" href=\"https:\/\/djlahti.fi\/index.php\/2025\/08\/10\/dj-urheilutapahtumaan-varmista-viihdyttava-ja-saumaton-tapahtuma\/\" tabindex=\"-1\" >\n\t\t\t<div class=\"elementor-post__thumbnail\"><img decoding=\"async\" width=\"768\" height=\"576\" src=\"https:\/\/djlahti.fi\/wp-content\/uploads\/2025\/08\/dj-urheilutapahtumaan-768x576.webp\" class=\"attachment-medium_large size-medium_large wp-image-399\" alt=\"\" srcset=\"https:\/\/djlahti.fi\/wp-content\/uploads\/2025\/08\/dj-urheilutapahtumaan-768x576.webp 768w, https:\/\/djlahti.fi\/wp-content\/uploads\/2025\/08\/dj-urheilutapahtumaan-300x225.webp 300w, https:\/\/djlahti.fi\/wp-content\/uploads\/2025\/08\/dj-urheilutapahtumaan-1024x768.webp 1024w, https:\/\/djlahti.fi\/wp-content\/uploads\/2025\/08\/dj-urheilutapahtumaan.webp 1200w\" sizes=\"(max-width: 768px) 100vw, 768px\" \/><\/div>\n\t\t<\/a>\n\t\t\t\t<div class=\"elementor-post__text\">\n\t\t\t\t<h3 class=\"elementor-post__title\">\n\t\t\t<a href=\"https:\/\/djlahti.fi\/index.php\/2025\/08\/10\/dj-urheilutapahtumaan-varmista-viihdyttava-ja-saumaton-tapahtuma\/\" >\n\t\t\t\tDJ urheilutapahtumaan \u2013 Varmista viihdytt\u00e4v\u00e4 ja saumaton tapahtuma\t\t\t<\/a>\n\t\t<\/h3>\n\t\t\t\t<div class=\"elementor-post__meta-data\">\n\t\t\t\t\t<span class=\"elementor-post-author\">\n\t\t\tadmin\t\t<\/span>\n\t\t\t\t<\/div>\n\t\t\t\t<div class=\"elementor-post__excerpt\">\n\t\t\t<p>Yleis\u00f6n energian nostattaminen ja tunnelman luominen Urheilutapahtumat Helsingiss\u00e4 saavat lis\u00e4potkua ammattitaitoisen DJ:n panoksesta, joka puhaltaa yleis\u00f6\u00f6n energiaa ja lis\u00e4\u00e4 kannustusta<\/p>\n\t\t<\/div>\n\t\t\n\t\t<a class=\"elementor-post__read-more\" href=\"https:\/\/djlahti.fi\/index.php\/2025\/08\/10\/dj-urheilutapahtumaan-varmista-viihdyttava-ja-saumaton-tapahtuma\/\" aria-label=\"Read more about DJ urheilutapahtumaan \u2013 Varmista viihdytt\u00e4v\u00e4 ja saumaton tapahtuma\" tabindex=\"-1\" >\n\t\t\tLue lis\u00e4\u00e4\t\t<\/a>\n\n\t\t\t\t<\/div>\n\t\t\t\t<\/article>\n\t\t\t\t<\/div>\n\t\t\t\t\t<span class=\"e-load-more-spinner\">\n\t\t\t\t<i aria-hidden=\"true\" class=\"fas fa-spinner\"><\/i>\t\t\t<\/span>\n\t\t\n\t\t\t\t\t\t<\/div>\n\t\t\t\t<\/div>\n\t\t\t\t\t<\/div>\n\t\t\t\t<\/div>\n\t\t\t\t<\/div>\n\t\t","protected":false},"excerpt":{"rendered":"<p>Artikkelit T\u00e4\u00e4lt\u00e4 l\u00f6yd\u00e4t kirjoituksia juhlimisesta, juhlien j\u00e4rjest\u00e4misest\u00e4 sek\u00e4 juhlien syd\u00e4mest\u00e4 &#8211; DJ:st\u00e4<\/p>\n","protected":false},"author":1,"featured_media":0,"parent":0,"menu_order":0,"comment_status":"closed","ping_status":"closed","template":"","meta":{"footnotes":""},"class_list":["post-386","page","type-page","status-publish","hentry"],"yoast_head":"<!-- This site is optimized with the Yoast SEO plugin v27.3 - https:\/\/yoast.com\/product\/yoast-seo-wordpress\/ -->\n<title>Artikkelit - DJ Lahti<\/title>\n<meta name=\"robots\" content=\"index, follow, max-snippet:-1, max-image-preview:large, max-video-preview:-1\" \/>\n<link rel=\"canonical\" href=\"https:\/\/djlahti.fi\/index.php\/artikkelit\/\" \/>\n<meta property=\"og:locale\" content=\"fi_FI\" \/>\n<meta property=\"og:type\" content=\"article\" \/>\n<meta property=\"og:title\" content=\"Artikkelit - DJ Lahti\" \/>\n<meta property=\"og:description\" content=\"Artikkelit T\u00e4\u00e4lt\u00e4 l\u00f6yd\u00e4t kirjoituksia juhlimisesta, juhlien j\u00e4rjest\u00e4misest\u00e4 sek\u00e4 juhlien syd\u00e4mest\u00e4 &#8211; DJ:st\u00e4\" \/>\n<meta property=\"og:url\" content=\"https:\/\/djlahti.fi\/index.php\/artikkelit\/\" \/>\n<meta property=\"og:site_name\" content=\"DJ Lahti\" \/>\n<meta property=\"article:modified_time\" content=\"2025-08-10T13:31:01+00:00\" \/>\n<meta name=\"twitter:card\" content=\"summary_large_image\" \/>\n<meta name=\"twitter:label1\" content=\"Arvioitu lukuaika\" \/>\n\t<meta name=\"twitter:data1\" content=\"2 minuuttia\" \/>\n<script type=\"application\/ld+json\" class=\"yoast-schema-graph\">{\"@context\":\"https:\\\/\\\/schema.org\",\"@graph\":[{\"@type\":\"WebPage\",\"@id\":\"https:\\\/\\\/djlahti.fi\\\/index.php\\\/artikkelit\\\/\",\"url\":\"https:\\\/\\\/djlahti.fi\\\/index.php\\\/artikkelit\\\/\",\"name\":\"Artikkelit - DJ Lahti\",\"isPartOf\":{\"@id\":\"https:\\\/\\\/djlahti.fi\\\/#website\"},\"datePublished\":\"2025-08-10T13:00:18+00:00\",\"dateModified\":\"2025-08-10T13:31:01+00:00\",\"breadcrumb\":{\"@id\":\"https:\\\/\\\/djlahti.fi\\\/index.php\\\/artikkelit\\\/#breadcrumb\"},\"inLanguage\":\"fi\",\"potentialAction\":[{\"@type\":\"ReadAction\",\"target\":[\"https:\\\/\\\/djlahti.fi\\\/index.php\\\/artikkelit\\\/\"]}]},{\"@type\":\"BreadcrumbList\",\"@id\":\"https:\\\/\\\/djlahti.fi\\\/index.php\\\/artikkelit\\\/#breadcrumb\",\"itemListElement\":[{\"@type\":\"ListItem\",\"position\":1,\"name\":\"Etusivu\",\"item\":\"https:\\\/\\\/djlahti.fi\\\/\"},{\"@type\":\"ListItem\",\"position\":2,\"name\":\"Artikkelit\"}]},{\"@type\":\"WebSite\",\"@id\":\"https:\\\/\\\/djlahti.fi\\\/#website\",\"url\":\"https:\\\/\\\/djlahti.fi\\\/\",\"name\":\"DJ Lahti\",\"description\":\"Parhaat DJ-palvelut Lahden alueella\",\"potentialAction\":[{\"@type\":\"SearchAction\",\"target\":{\"@type\":\"EntryPoint\",\"urlTemplate\":\"https:\\\/\\\/djlahti.fi\\\/?s={search_term_string}\"},\"query-input\":{\"@type\":\"PropertyValueSpecification\",\"valueRequired\":true,\"valueName\":\"search_term_string\"}}],\"inLanguage\":\"fi\"}]}<\/script>\n<!-- \/ Yoast SEO plugin. -->","yoast_head_json":{"title":"Artikkelit - DJ Lahti","robots":{"index":"index","follow":"follow","max-snippet":"max-snippet:-1","max-image-preview":"max-image-preview:large","max-video-preview":"max-video-preview:-1"},"canonical":"https:\/\/djlahti.fi\/index.php\/artikkelit\/","og_locale":"fi_FI","og_type":"article","og_title":"Artikkelit - DJ Lahti","og_description":"Artikkelit T\u00e4\u00e4lt\u00e4 l\u00f6yd\u00e4t kirjoituksia juhlimisesta, juhlien j\u00e4rjest\u00e4misest\u00e4 sek\u00e4 juhlien syd\u00e4mest\u00e4 &#8211; DJ:st\u00e4","og_url":"https:\/\/djlahti.fi\/index.php\/artikkelit\/","og_site_name":"DJ Lahti","article_modified_time":"2025-08-10T13:31:01+00:00","twitter_card":"summary_large_image","twitter_misc":{"Arvioitu lukuaika":"2 minuuttia"},"schema":{"@context":"https:\/\/schema.org","@graph":[{"@type":"WebPage","@id":"https:\/\/djlahti.fi\/index.php\/artikkelit\/","url":"https:\/\/djlahti.fi\/index.php\/artikkelit\/","name":"Artikkelit - DJ Lahti","isPartOf":{"@id":"https:\/\/djlahti.fi\/#website"},"datePublished":"2025-08-10T13:00:18+00:00","dateModified":"2025-08-10T13:31:01+00:00","breadcrumb":{"@id":"https:\/\/djlahti.fi\/index.php\/artikkelit\/#breadcrumb"},"inLanguage":"fi","potentialAction":[{"@type":"ReadAction","target":["https:\/\/djlahti.fi\/index.php\/artikkelit\/"]}]},{"@type":"BreadcrumbList","@id":"https:\/\/djlahti.fi\/index.php\/artikkelit\/#breadcrumb","itemListElement":[{"@type":"ListItem","position":1,"name":"Etusivu","item":"https:\/\/djlahti.fi\/"},{"@type":"ListItem","position":2,"name":"Artikkelit"}]},{"@type":"WebSite","@id":"https:\/\/djlahti.fi\/#website","url":"https:\/\/djlahti.fi\/","name":"DJ Lahti","description":"Parhaat DJ-palvelut Lahden alueella","potentialAction":[{"@type":"SearchAction","target":{"@type":"EntryPoint","urlTemplate":"https:\/\/djlahti.fi\/?s={search_term_string}"},"query-input":{"@type":"PropertyValueSpecification","valueRequired":true,"valueName":"search_term_string"}}],"inLanguage":"fi"}]}},"_links":{"self":[{"href":"https:\/\/djlahti.fi\/index.php\/wp-json\/wp\/v2\/pages\/386","targetHints":{"allow":["GET"]}}],"collection":[{"href":"https:\/\/djlahti.fi\/index.php\/wp-json\/wp\/v2\/pages"}],"about":[{"href":"https:\/\/djlahti.fi\/index.php\/wp-json\/wp\/v2\/types\/page"}],"author":[{"embeddable":true,"href":"https:\/\/djlahti.fi\/index.php\/wp-json\/wp\/v2\/users\/1"}],"replies":[{"embeddable":true,"href":"https:\/\/djlahti.fi\/index.php\/wp-json\/wp\/v2\/comments?post=386"}],"version-history":[{"count":7,"href":"https:\/\/djlahti.fi\/index.php\/wp-json\/wp\/v2\/pages\/386\/revisions"}],"predecessor-version":[{"id":402,"href":"https:\/\/djlahti.fi\/index.php\/wp-json\/wp\/v2\/pages\/386\/revisions\/402"}],"wp:attachment":[{"href":"https:\/\/djlahti.fi\/index.php\/wp-json\/wp\/v2\/media?parent=386"}],"curies":[{"name":"wp","href":"https:\/\/api.w.org\/{rel}","templated":true}]}}